{"id":22467,"date":"2021-03-07T15:19:16","date_gmt":"2021-03-07T15:19:16","guid":{"rendered":"https:\/\/www.folegandrosisland.com\/?page_id=22467"},"modified":"2022-03-21T18:57:53","modified_gmt":"2022-03-21T18:57:53","slug":"shopping-fr","status":"publish","type":"page","link":"https:\/\/www.folegandrosisland.com\/fr\/shopping-fr\/","title":{"rendered":"Shopping fr"},"content":{"rendered":"<div data-elementor-type=\"wp-post\" data-elementor-id=\"22467\" class=\"elementor elementor-22467\" data-elementor-post-type=\"page\">\n\t\t\t\t\t\t<section class=\"elementor-section elementor-top-section elementor-element elementor-element-51c6fc3 elementor-section-height-min-height elementor-section-boxed elementor-section-height-default elementor-section-items-middle\" data-id=\"51c6fc3\" data-element_type=\"section\" data-settings=\"{&quot;jet_parallax_layout_list&quot;:[{&quot;jet_parallax_layout_image&quot;:{&quot;url&quot;:&quot;&quot;,&quot;id&quot;:&quot;&quot;,&quot;size&quot;:&quot;&quot;},&quot;_id&quot;:&quot;83b6e85&quot;,&quot;jet_parallax_layout_speed&quot;:{&quot;unit&quot;:&quot;%&quot;,&quot;size&quot;:&quot;50&quot;,&quot;sizes&quot;:[]},&quot;jet_parallax_layout_bg_x&quot;:&quot;50&quot;,&quot;jet_parallax_layout_bg_y&quot;:&quot;50&quot;,&quot;jet_parallax_layout_image_tablet&quot;:{&quot;url&quot;:&quot;&quot;,&quot;id&quot;:&quot;&quot;,&quot;size&quot;:&quot;&quot;},&quot;jet_parallax_layout_image_mobile_extra&quot;:{&quot;url&quot;:&quot;&quot;,&quot;id&quot;:&quot;&quot;,&quot;size&quot;:&quot;&quot;},&quot;jet_parallax_layout_image_mobile&quot;:{&quot;url&quot;:&quot;&quot;,&quot;id&quot;:&quot;&quot;,&quot;size&quot;:&quot;&quot;},&quot;jet_parallax_layout_type&quot;:&quot;scroll&quot;,&quot;jet_parallax_layout_direction&quot;:null,&quot;jet_parallax_layout_fx_direction&quot;:null,&quot;jet_parallax_layout_z_index&quot;:&quot;&quot;,&quot;jet_parallax_layout_bg_x_tablet&quot;:&quot;&quot;,&quot;jet_parallax_layout_bg_x_mobile_extra&quot;:&quot;&quot;,&quot;jet_parallax_layout_bg_x_mobile&quot;:&quot;&quot;,&quot;jet_parallax_layout_bg_y_tablet&quot;:&quot;&quot;,&quot;jet_parallax_layout_bg_y_mobile_extra&quot;:&quot;&quot;,&quot;jet_parallax_layout_bg_y_mobile&quot;:&quot;&quot;,&quot;jet_parallax_layout_bg_size&quot;:&quot;auto&quot;,&quot;jet_parallax_layout_bg_size_tablet&quot;:&quot;&quot;,&quot;jet_parallax_layout_bg_size_mobile_extra&quot;:&quot;&quot;,&quot;jet_parallax_layout_bg_size_mobile&quot;:&quot;&quot;,&quot;jet_parallax_layout_animation_prop&quot;:&quot;transform&quot;,&quot;jet_parallax_layout_on&quot;:[&quot;desktop&quot;,&quot;tablet&quot;]}],&quot;background_background&quot;:&quot;classic&quot;}\">\n\t\t\t\t\t\t\t<div class=\"elementor-background-overlay\"><\/div>\n\t\t\t\t\t\t\t<div class=\"elementor-container elementor-column-gap-default\">\n\t\t\t\t\t<div class=\"elementor-column elementor-col-100 elementor-top-column elementor-element elementor-element-1d92192\" data-id=\"1d92192\" data-element_type=\"column\">\n\t\t\t<div class=\"elementor-widget-wrap elementor-element-populated\">\n\t\t\t\t\t\t<div class=\"elementor-element elementor-element-d51fea1 elementor-invisible elementor-widget elementor-widget-heading\" data-id=\"d51fea1\" data-element_type=\"widget\" data-settings=\"{&quot;_animation&quot;:&quot;fadeIn&quot;}\" data-widget_type=\"heading.default\">\n\t\t\t\t<div class=\"elementor-widget-container\">\n\t\t\t<h1 class=\"elementor-heading-title elementor-size-default\">SHOPPING<\/h1>\t\t<\/div>\n\t\t\t\t<\/div>\n\t\t\t\t\t<\/div>\n\t\t<\/div>\n\t\t\t\t\t<\/div>\n\t\t<\/section>\n\t\t\t\t<section class=\"elementor-section elementor-top-section elementor-element elementor-element-e8cb6d7 elementor-section-boxed elementor-section-height-default elementor-section-height-default\" data-id=\"e8cb6d7\" data-element_type=\"section\" data-settings=\"{&quot;jet_parallax_layout_list&quot;:[{&quot;jet_parallax_layout_image&quot;:{&quot;url&quot;:&quot;&quot;,&quot;id&quot;:&quot;&quot;,&quot;size&quot;:&quot;&quot;},&quot;_id&quot;:&quot;225207e&quot;,&quot;jet_parallax_layout_speed&quot;:{&quot;unit&quot;:&quot;%&quot;,&quot;size&quot;:&quot;50&quot;,&quot;sizes&quot;:[]},&quot;jet_parallax_layout_bg_x&quot;:&quot;50&quot;,&quot;jet_parallax_layout_bg_y&quot;:&quot;50&quot;,&quot;jet_parallax_layout_image_tablet&quot;:{&quot;url&quot;:&quot;&quot;,&quot;id&quot;:&quot;&quot;,&quot;size&quot;:&quot;&quot;},&quot;jet_parallax_layout_image_mobile_extra&quot;:{&quot;url&quot;:&quot;&quot;,&quot;id&quot;:&quot;&quot;,&quot;size&quot;:&quot;&quot;},&quot;jet_parallax_layout_image_mobile&quot;:{&quot;url&quot;:&quot;&quot;,&quot;id&quot;:&quot;&quot;,&quot;size&quot;:&quot;&quot;},&quot;jet_parallax_layout_type&quot;:&quot;scroll&quot;,&quot;jet_parallax_layout_direction&quot;:null,&quot;jet_parallax_layout_fx_direction&quot;:null,&quot;jet_parallax_layout_z_index&quot;:&quot;&quot;,&quot;jet_parallax_layout_bg_x_tablet&quot;:&quot;&quot;,&quot;jet_parallax_layout_bg_x_mobile_extra&quot;:&quot;&quot;,&quot;jet_parallax_layout_bg_x_mobile&quot;:&quot;&quot;,&quot;jet_parallax_layout_bg_y_tablet&quot;:&quot;&quot;,&quot;jet_parallax_layout_bg_y_mobile_extra&quot;:&quot;&quot;,&quot;jet_parallax_layout_bg_y_mobile&quot;:&quot;&quot;,&quot;jet_parallax_layout_bg_size&quot;:&quot;auto&quot;,&quot;jet_parallax_layout_bg_size_tablet&quot;:&quot;&quot;,&quot;jet_parallax_layout_bg_size_mobile_extra&quot;:&quot;&quot;,&quot;jet_parallax_layout_bg_size_mobile&quot;:&quot;&quot;,&quot;jet_parallax_layout_animation_prop&quot;:&quot;transform&quot;,&quot;jet_parallax_layout_on&quot;:[&quot;desktop&quot;,&quot;tablet&quot;]}]}\">\n\t\t\t\t\t\t<div class=\"elementor-container elementor-column-gap-default\">\n\t\t\t\t\t<div class=\"elementor-column elementor-col-100 elementor-top-column elementor-element elementor-element-a894aed\" data-id=\"a894aed\" data-element_type=\"column\">\n\t\t\t<div class=\"elementor-widget-wrap elementor-element-populated\">\n\t\t\t\t\t\t<div class=\"elementor-element elementor-element-5c7af08 elementor-invisible elementor-widget elementor-widget-text-editor\" data-id=\"5c7af08\" data-element_type=\"widget\" data-settings=\"{&quot;_animation&quot;:&quot;fadeIn&quot;,&quot;_animation_delay&quot;:&quot;300&quot;}\" data-widget_type=\"text-editor.default\">\n\t\t\t\t<div class=\"elementor-widget-container\">\n\t\t\t\t\t\t\t<div class=\"flex_column av_one_third flex_column_div av-zero-column-padding first avia-builder-el-6 el_after_av_hr el_before_av_two_fifth\"><section class=\"av_textblock_section\"><div class=\"avia_textblock\"><p><strong>\u039a\u03a5\u039a\u039b\u039f\u03a3<\/strong> est c&#8217;est le fruit de l&#8217;amour et de la magie que les \u00eeles Cyclades nous ont imm\u00e9diatement transmises.<\/p><p>Avec un \u0153il toujours attentif \u00e0 la durabilit\u00e9, vous pouvez trouver des produits artisanaux au design unique.<\/p><p>\u00c0 l&#8217;int\u00e9rieur de notre petit monde, vous trouverez des \u00e9charpes, des caftans, des kimonos, des sacs de plage, des sacs \u00e0 dos, des T-shirts\u2026.<\/p><p>En bref, tout ce qui peut contribuer \u00e0 la m\u00e9moire ind\u00e9l\u00e9bile de cette belle \u00eele.<br \/>Ce que nous proposons n&#8217;est pas seulement un produit fabriqu\u00e9 en s\u00e9rie, mais, dans certains cas, une pi\u00e8ce unique personnalisable<\/p><\/div><\/section><\/div><div class=\"flex_column av_two_fifth flex_column_div av-zero-column-padding avia-builder-el-8 el_after_av_one_third el_before_av_one_fourth\"><div class=\"avia-image-container av-styling- avia-builder-el-9 el_before_av_hr avia-builder-el-first avia-align-center\"><div class=\"avia-image-container-inner\">\u00a0<\/div><\/div><\/div>\t\t\t\t\t\t<\/div>\n\t\t\t\t<\/div>\n\t\t\t\t\t<\/div>\n\t\t<\/div>\n\t\t\t\t\t<\/div>\n\t\t<\/section>\n\t\t\t\t<section class=\"elementor-section elementor-top-section elementor-element elementor-element-b2b81f3 elementor-section-boxed elementor-section-height-default elementor-section-height-default\" data-id=\"b2b81f3\" data-element_type=\"section\" data-settings=\"{&quot;jet_parallax_layout_list&quot;:[{&quot;jet_parallax_layout_image&quot;:{&quot;url&quot;:&quot;&quot;,&quot;id&quot;:&quot;&quot;,&quot;size&quot;:&quot;&quot;},&quot;_id&quot;:&quot;225207e&quot;,&quot;jet_parallax_layout_speed&quot;:{&quot;unit&quot;:&quot;%&quot;,&quot;size&quot;:&quot;50&quot;,&quot;sizes&quot;:[]},&quot;jet_parallax_layout_bg_x&quot;:&quot;50&quot;,&quot;jet_parallax_layout_bg_y&quot;:&quot;50&quot;,&quot;jet_parallax_layout_image_tablet&quot;:{&quot;url&quot;:&quot;&quot;,&quot;id&quot;:&quot;&quot;,&quot;size&quot;:&quot;&quot;},&quot;jet_parallax_layout_image_mobile_extra&quot;:{&quot;url&quot;:&quot;&quot;,&quot;id&quot;:&quot;&quot;,&quot;size&quot;:&quot;&quot;},&quot;jet_parallax_layout_image_mobile&quot;:{&quot;url&quot;:&quot;&quot;,&quot;id&quot;:&quot;&quot;,&quot;size&quot;:&quot;&quot;},&quot;jet_parallax_layout_type&quot;:&quot;scroll&quot;,&quot;jet_parallax_layout_direction&quot;:null,&quot;jet_parallax_layout_fx_direction&quot;:null,&quot;jet_parallax_layout_z_index&quot;:&quot;&quot;,&quot;jet_parallax_layout_bg_x_tablet&quot;:&quot;&quot;,&quot;jet_parallax_layout_bg_x_mobile_extra&quot;:&quot;&quot;,&quot;jet_parallax_layout_bg_x_mobile&quot;:&quot;&quot;,&quot;jet_parallax_layout_bg_y_tablet&quot;:&quot;&quot;,&quot;jet_parallax_layout_bg_y_mobile_extra&quot;:&quot;&quot;,&quot;jet_parallax_layout_bg_y_mobile&quot;:&quot;&quot;,&quot;jet_parallax_layout_bg_size&quot;:&quot;auto&quot;,&quot;jet_parallax_layout_bg_size_tablet&quot;:&quot;&quot;,&quot;jet_parallax_layout_bg_size_mobile_extra&quot;:&quot;&quot;,&quot;jet_parallax_layout_bg_size_mobile&quot;:&quot;&quot;,&quot;jet_parallax_layout_animation_prop&quot;:&quot;transform&quot;,&quot;jet_parallax_layout_on&quot;:[&quot;desktop&quot;,&quot;tablet&quot;]}]}\">\n\t\t\t\t\t\t<div class=\"elementor-container elementor-column-gap-extended\">\n\t\t\t\t\t<div class=\"elementor-column elementor-col-33 elementor-top-column elementor-element elementor-element-459a6b1\" data-id=\"459a6b1\" data-element_type=\"column\" data-settings=\"{&quot;background_background&quot;:&quot;classic&quot;}\">\n\t\t\t<div class=\"elementor-widget-wrap elementor-element-populated\">\n\t\t\t\t\t\t<div class=\"elementor-element elementor-element-b5b04c2 elementor-invisible elementor-widget elementor-widget-heading\" data-id=\"b5b04c2\" data-element_type=\"widget\" data-settings=\"{&quot;_animation&quot;:&quot;fadeIn&quot;}\" data-widget_type=\"heading.default\">\n\t\t\t\t<div class=\"elementor-widget-container\">\n\t\t\t<h3 class=\"elementor-heading-title elementor-size-default\">Beach wear & accessories<\/h3>\t\t<\/div>\n\t\t\t\t<\/div>\n\t\t\t\t<div class=\"elementor-element elementor-element-92675ac elementor-invisible elementor-widget elementor-widget-text-editor\" data-id=\"92675ac\" data-element_type=\"widget\" data-settings=\"{&quot;_animation&quot;:&quot;fadeIn&quot;,&quot;_animation_delay&quot;:&quot;300&quot;}\" data-widget_type=\"text-editor.default\">\n\t\t\t\t<div class=\"elementor-widget-container\">\n\t\t\t\t\t\t\t<p>Place Pounta &#8211; 84011 Chora<br \/>Folegandros, GR\u00c8CE<\/p>\t\t\t\t\t\t<\/div>\n\t\t\t\t<\/div>\n\t\t\t\t\t<\/div>\n\t\t<\/div>\n\t\t\t\t<div class=\"elementor-column elementor-col-33 elementor-top-column elementor-element elementor-element-c52bbe0\" data-id=\"c52bbe0\" data-element_type=\"column\">\n\t\t\t<div class=\"elementor-widget-wrap elementor-element-populated\">\n\t\t\t\t\t\t<div class=\"elementor-element elementor-element-e9d1b55 elementor-widget elementor-widget-image\" data-id=\"e9d1b55\" data-element_type=\"widget\" data-widget_type=\"image.default\">\n\t\t\t\t<div class=\"elementor-widget-container\">\n\t\t\t\t\t\t\t\t\t\t\t\t\t<img fetchpriority=\"high\" decoding=\"async\" width=\"2048\" height=\"1448\" src=\"https:\/\/www.folegandrosisland.com\/wp-content\/uploads\/2022\/02\/logo-folegandros-1-scaled.jpg\" class=\"attachment-full size-full wp-image-30335\" alt=\"\" srcset=\"https:\/\/www.folegandrosisland.com\/wp-content\/uploads\/2022\/02\/logo-folegandros-1-scaled.jpg 2048w, https:\/\/www.folegandrosisland.com\/wp-content\/uploads\/2022\/02\/logo-folegandros-1-300x212.jpg 300w, https:\/\/www.folegandrosisland.com\/wp-content\/uploads\/2022\/02\/logo-folegandros-1-1024x724.jpg 1024w, https:\/\/www.folegandrosisland.com\/wp-content\/uploads\/2022\/02\/logo-folegandros-1-768x543.jpg 768w, https:\/\/www.folegandrosisland.com\/wp-content\/uploads\/2022\/02\/logo-folegandros-1-1536x1086.jpg 1536w\" sizes=\"(max-width: 2048px) 100vw, 2048px\" \/>\t\t\t\t\t\t\t\t\t\t\t\t\t<\/div>\n\t\t\t\t<\/div>\n\t\t\t\t\t<\/div>\n\t\t<\/div>\n\t\t\t\t<div class=\"elementor-column elementor-col-33 elementor-top-column elementor-element elementor-element-12ae733\" data-id=\"12ae733\" data-element_type=\"column\" data-settings=\"{&quot;background_background&quot;:&quot;classic&quot;}\">\n\t\t\t<div class=\"elementor-widget-wrap elementor-element-populated\">\n\t\t\t\t\t\t<div class=\"elementor-element elementor-element-69a404d elementor-invisible elementor-widget elementor-widget-heading\" data-id=\"69a404d\" data-element_type=\"widget\" data-settings=\"{&quot;_animation&quot;:&quot;fadeIn&quot;}\" data-widget_type=\"heading.default\">\n\t\t\t\t<div class=\"elementor-widget-container\">\n\t\t\t<h3 class=\"elementor-heading-title elementor-size-default\">Num\u00e9ro de t\u00e9l\u00e9phone<\/h3>\t\t<\/div>\n\t\t\t\t<\/div>\n\t\t\t\t<div class=\"elementor-element elementor-element-bcc7642 elementor-invisible elementor-widget elementor-widget-text-editor\" data-id=\"bcc7642\" data-element_type=\"widget\" data-settings=\"{&quot;_animation&quot;:&quot;fadeIn&quot;,&quot;_animation_delay&quot;:&quot;300&quot;}\" data-widget_type=\"text-editor.default\">\n\t\t\t\t<div class=\"elementor-widget-container\">\n\t\t\t\t\t\t\t<p>Portable Mariano<br \/>+30 6934509689<\/p>\t\t\t\t\t\t<\/div>\n\t\t\t\t<\/div>\n\t\t\t\t\t<\/div>\n\t\t<\/div>\n\t\t\t\t\t<\/div>\n\t\t<\/section>\n\t\t\t\t<section class=\"elementor-section elementor-top-section elementor-element elementor-element-608af1b elementor-section-boxed elementor-section-height-default elementor-section-height-default\" data-id=\"608af1b\" data-element_type=\"section\" data-settings=\"{&quot;jet_parallax_layout_list&quot;:[{&quot;jet_parallax_layout_image&quot;:{&quot;url&quot;:&quot;&quot;,&quot;id&quot;:&quot;&quot;,&quot;size&quot;:&quot;&quot;},&quot;_id&quot;:&quot;225207e&quot;,&quot;jet_parallax_layout_speed&quot;:{&quot;unit&quot;:&quot;%&quot;,&quot;size&quot;:&quot;50&quot;,&quot;sizes&quot;:[]},&quot;jet_parallax_layout_bg_x&quot;:&quot;50&quot;,&quot;jet_parallax_layout_bg_y&quot;:&quot;50&quot;,&quot;jet_parallax_layout_image_tablet&quot;:{&quot;url&quot;:&quot;&quot;,&quot;id&quot;:&quot;&quot;,&quot;size&quot;:&quot;&quot;},&quot;jet_parallax_layout_image_mobile_extra&quot;:{&quot;url&quot;:&quot;&quot;,&quot;id&quot;:&quot;&quot;,&quot;size&quot;:&quot;&quot;},&quot;jet_parallax_layout_image_mobile&quot;:{&quot;url&quot;:&quot;&quot;,&quot;id&quot;:&quot;&quot;,&quot;size&quot;:&quot;&quot;},&quot;jet_parallax_layout_type&quot;:&quot;scroll&quot;,&quot;jet_parallax_layout_direction&quot;:null,&quot;jet_parallax_layout_fx_direction&quot;:null,&quot;jet_parallax_layout_z_index&quot;:&quot;&quot;,&quot;jet_parallax_layout_bg_x_tablet&quot;:&quot;&quot;,&quot;jet_parallax_layout_bg_x_mobile_extra&quot;:&quot;&quot;,&quot;jet_parallax_layout_bg_x_mobile&quot;:&quot;&quot;,&quot;jet_parallax_layout_bg_y_tablet&quot;:&quot;&quot;,&quot;jet_parallax_layout_bg_y_mobile_extra&quot;:&quot;&quot;,&quot;jet_parallax_layout_bg_y_mobile&quot;:&quot;&quot;,&quot;jet_parallax_layout_bg_size&quot;:&quot;auto&quot;,&quot;jet_parallax_layout_bg_size_tablet&quot;:&quot;&quot;,&quot;jet_parallax_layout_bg_size_mobile_extra&quot;:&quot;&quot;,&quot;jet_parallax_layout_bg_size_mobile&quot;:&quot;&quot;,&quot;jet_parallax_layout_animation_prop&quot;:&quot;transform&quot;,&quot;jet_parallax_layout_on&quot;:[&quot;desktop&quot;,&quot;tablet&quot;]}]}\">\n\t\t\t\t\t\t<div class=\"elementor-container elementor-column-gap-default\">\n\t\t\t\t\t\t<\/div>\n\t\t<\/section>\n\t\t\t\t<section class=\"elementor-section elementor-top-section elementor-element elementor-element-7f8eba1 elementor-hidden-desktop elementor-hidden-tablet elementor-hidden-mobile elementor-section-boxed elementor-section-height-default elementor-section-height-default\" data-id=\"7f8eba1\" data-element_type=\"section\" data-settings=\"{&quot;jet_parallax_layout_list&quot;:[]}\">\n\t\t\t\t\t\t<div class=\"elementor-container elementor-column-gap-no\">\n\t\t\t\t\t<div class=\"elementor-column elementor-col-100 elementor-top-column elementor-element elementor-element-c5474c6\" data-id=\"c5474c6\" data-element_type=\"column\">\n\t\t\t<div class=\"elementor-widget-wrap elementor-element-populated\">\n\t\t\t\t\t\t<div class=\"elementor-element elementor-element-13edb35 elementor-invisible elementor-widget elementor-widget-heading\" data-id=\"13edb35\" data-element_type=\"widget\" data-settings=\"{&quot;_animation&quot;:&quot;fadeIn&quot;}\" data-widget_type=\"heading.default\">\n\t\t\t\t<div class=\"elementor-widget-container\">\n\t\t\t<h4 class=\"elementor-heading-title elementor-size-default\">follow us<\/h4>\t\t<\/div>\n\t\t\t\t<\/div>\n\t\t\t\t<div class=\"elementor-element elementor-element-2d8ffff elementor-shape-square e-grid-align-mobile-center elementor-grid-0 e-grid-align-center elementor-widget elementor-widget-social-icons\" data-id=\"2d8ffff\" data-element_type=\"widget\" data-widget_type=\"social-icons.default\">\n\t\t\t\t<div class=\"elementor-widget-container\">\n\t\t\t\t\t<div class=\"elementor-social-icons-wrapper elementor-grid\">\n\t\t\t\t\t\t\t<span class=\"elementor-grid-item\">\n\t\t\t\t\t<a class=\"elementor-icon elementor-social-icon elementor-social-icon-facebook-f elementor-repeater-item-ce41a82\" href=\"https:\/\/www.facebook.com\/sottoventofolegandros\/\" target=\"_blank\">\n\t\t\t\t\t\t<span class=\"elementor-screen-only\">Facebook-f<\/span>\n\t\t\t\t\t\t<i class=\"fab fa-facebook-f\"><\/i>\t\t\t\t\t<\/a>\n\t\t\t\t<\/span>\n\t\t\t\t\t\t\t<span class=\"elementor-grid-item\">\n\t\t\t\t\t<a class=\"elementor-icon elementor-social-icon elementor-social-icon-instagram elementor-repeater-item-41b9981\" href=\"https:\/\/www.instagram.com\/sottovento_folegandros\/\" target=\"_blank\">\n\t\t\t\t\t\t<span class=\"elementor-screen-only\">Instagram<\/span>\n\t\t\t\t\t\t<i class=\"fab fa-instagram\"><\/i>\t\t\t\t\t<\/a>\n\t\t\t\t<\/span>\n\t\t\t\t\t<\/div>\n\t\t\t\t<\/div>\n\t\t\t\t<\/div>\n\t\t\t\t\t<\/div>\n\t\t<\/div>\n\t\t\t\t\t<\/div>\n\t\t<\/section>\n\t\t\t\t<\/div>","protected":false},"excerpt":{"rendered":"<p>SHOPPING \u039a\u03a5\u039a\u039b\u039f\u03a3 est c&#8217;est le fruit de l&#8217;amour et de la magie que les \u00eeles Cyclades nous ont imm\u00e9diatement transmises. Avec un \u0153il toujours attentif \u00e0 la durabilit\u00e9, vous pouvez trouver des produits artisanaux au design unique. \u00c0 l&#8217;int\u00e9rieur de notre petit monde, vous trouverez des \u00e9charpes, des caftans, des kimonos, des sacs de plage, [&hellip;]<\/p>","protected":false},"author":2,"featured_media":0,"parent":0,"menu_order":0,"comment_status":"closed","ping_status":"closed","template":"full-width.php","meta":{"_acf_changed":false,"footnotes":""},"class_list":["post-22467","page","type-page","status-publish","hentry"],"acf":[],"yoast_head":"<!-- This site is optimized with the Yoast SEO plugin v23.3 - https:\/\/yoast.com\/wordpress\/plugins\/seo\/ -->\n<title>KYKLOS Folegandros Shopping \u00e0 Folegandros -<\/title>\n<meta name=\"description\" content=\"Voulez-vous faire du shopping? De nombreuses marques vous attendent, pour vous apporter un merveilleux souvenir des Cyclades chez vous\" \/>\n<meta name=\"robots\" content=\"index, follow, max-snippet:-1, max-image-preview:large, max-video-preview:-1\" \/>\n<link rel=\"canonical\" href=\"https:\/\/www.folegandrosisland.com\/fr\/shopping-fr\/\" \/>\n<meta property=\"og:locale\" content=\"fr_FR\" \/>\n<meta property=\"og:type\" content=\"article\" \/>\n<meta property=\"og:title\" content=\"KYKLOS Folegandros Shopping \u00e0 Folegandros -\" \/>\n<meta property=\"og:description\" content=\"Voulez-vous faire du shopping? De nombreuses marques vous attendent, pour vous apporter un merveilleux souvenir des Cyclades chez vous\" \/>\n<meta property=\"og:url\" content=\"https:\/\/www.folegandrosisland.com\/fr\/shopping-fr\/\" \/>\n<meta property=\"og:site_name\" content=\"SOTTOVENTO Folegandros\" \/>\n<meta property=\"article:modified_time\" content=\"2022-03-21T18:57:53+00:00\" \/>\n<meta property=\"og:image\" content=\"https:\/\/www.folegandrosisland.com\/wordpress\/wp-content\/uploads\/2022\/02\/logo-folegandros-1-scaled.jpg\" \/>\n<meta name=\"twitter:card\" content=\"summary_large_image\" \/>\n<meta name=\"twitter:label1\" content=\"Dur\u00e9e de lecture estim\u00e9e\" \/>\n\t<meta name=\"twitter:data1\" content=\"1 minute\" \/>\n<script type=\"application\/ld+json\" class=\"yoast-schema-graph\">{\"@context\":\"https:\/\/schema.org\",\"@graph\":[{\"@type\":\"WebPage\",\"@id\":\"https:\/\/www.folegandrosisland.com\/fr\/shopping-fr\/\",\"url\":\"https:\/\/www.folegandrosisland.com\/fr\/shopping-fr\/\",\"name\":\"KYKLOS Folegandros Shopping \u00e0 Folegandros -\",\"isPartOf\":{\"@id\":\"https:\/\/www.folegandrosisland.com\/#website\"},\"primaryImageOfPage\":{\"@id\":\"https:\/\/www.folegandrosisland.com\/fr\/shopping-fr\/#primaryimage\"},\"image\":{\"@id\":\"https:\/\/www.folegandrosisland.com\/fr\/shopping-fr\/#primaryimage\"},\"thumbnailUrl\":\"https:\/\/www.folegandrosisland.com\/wordpress\/wp-content\/uploads\/2022\/02\/logo-folegandros-1-scaled.jpg\",\"datePublished\":\"2021-03-07T15:19:16+00:00\",\"dateModified\":\"2022-03-21T18:57:53+00:00\",\"description\":\"Voulez-vous faire du shopping? De nombreuses marques vous attendent, pour vous apporter un merveilleux souvenir des Cyclades chez vous\",\"breadcrumb\":{\"@id\":\"https:\/\/www.folegandrosisland.com\/fr\/shopping-fr\/#breadcrumb\"},\"inLanguage\":\"fr-FR\",\"potentialAction\":[{\"@type\":\"ReadAction\",\"target\":[\"https:\/\/www.folegandrosisland.com\/fr\/shopping-fr\/\"]}]},{\"@type\":\"ImageObject\",\"inLanguage\":\"fr-FR\",\"@id\":\"https:\/\/www.folegandrosisland.com\/fr\/shopping-fr\/#primaryimage\",\"url\":\"https:\/\/www.folegandrosisland.com\/wordpress\/wp-content\/uploads\/2022\/02\/logo-folegandros-1-scaled.jpg\",\"contentUrl\":\"https:\/\/www.folegandrosisland.com\/wordpress\/wp-content\/uploads\/2022\/02\/logo-folegandros-1-scaled.jpg\"},{\"@type\":\"BreadcrumbList\",\"@id\":\"https:\/\/www.folegandrosisland.com\/fr\/shopping-fr\/#breadcrumb\",\"itemListElement\":[{\"@type\":\"ListItem\",\"position\":1,\"name\":\"Home\",\"item\":\"https:\/\/www.folegandrosisland.com\/\"},{\"@type\":\"ListItem\",\"position\":2,\"name\":\"Shopping fr\"}]},{\"@type\":\"WebSite\",\"@id\":\"https:\/\/www.folegandrosisland.com\/#website\",\"url\":\"https:\/\/www.folegandrosisland.com\/\",\"name\":\"SOTTOVENTO Folegandros\",\"description\":\"Il meglio delle Isole Cicladi\",\"potentialAction\":[{\"@type\":\"SearchAction\",\"target\":{\"@type\":\"EntryPoint\",\"urlTemplate\":\"https:\/\/www.folegandrosisland.com\/?s={search_term_string}\"},\"query-input\":\"required name=search_term_string\"}],\"inLanguage\":\"fr-FR\"}]}<\/script>\n<!-- \/ Yoast SEO plugin. -->","yoast_head_json":{"title":"KYKLOS Folegandros Shopping \u00e0 Folegandros -","description":"Voulez-vous faire du shopping? De nombreuses marques vous attendent, pour vous apporter un merveilleux souvenir des Cyclades chez vous","robots":{"index":"index","follow":"follow","max-snippet":"max-snippet:-1","max-image-preview":"max-image-preview:large","max-video-preview":"max-video-preview:-1"},"canonical":"https:\/\/www.folegandrosisland.com\/fr\/shopping-fr\/","og_locale":"fr_FR","og_type":"article","og_title":"KYKLOS Folegandros Shopping \u00e0 Folegandros -","og_description":"Voulez-vous faire du shopping? De nombreuses marques vous attendent, pour vous apporter un merveilleux souvenir des Cyclades chez vous","og_url":"https:\/\/www.folegandrosisland.com\/fr\/shopping-fr\/","og_site_name":"SOTTOVENTO Folegandros","article_modified_time":"2022-03-21T18:57:53+00:00","og_image":[{"url":"https:\/\/www.folegandrosisland.com\/wordpress\/wp-content\/uploads\/2022\/02\/logo-folegandros-1-scaled.jpg"}],"twitter_card":"summary_large_image","twitter_misc":{"Dur\u00e9e de lecture estim\u00e9e":"1 minute"},"schema":{"@context":"https:\/\/schema.org","@graph":[{"@type":"WebPage","@id":"https:\/\/www.folegandrosisland.com\/fr\/shopping-fr\/","url":"https:\/\/www.folegandrosisland.com\/fr\/shopping-fr\/","name":"KYKLOS Folegandros Shopping \u00e0 Folegandros -","isPartOf":{"@id":"https:\/\/www.folegandrosisland.com\/#website"},"primaryImageOfPage":{"@id":"https:\/\/www.folegandrosisland.com\/fr\/shopping-fr\/#primaryimage"},"image":{"@id":"https:\/\/www.folegandrosisland.com\/fr\/shopping-fr\/#primaryimage"},"thumbnailUrl":"https:\/\/www.folegandrosisland.com\/wordpress\/wp-content\/uploads\/2022\/02\/logo-folegandros-1-scaled.jpg","datePublished":"2021-03-07T15:19:16+00:00","dateModified":"2022-03-21T18:57:53+00:00","description":"Voulez-vous faire du shopping? De nombreuses marques vous attendent, pour vous apporter un merveilleux souvenir des Cyclades chez vous","breadcrumb":{"@id":"https:\/\/www.folegandrosisland.com\/fr\/shopping-fr\/#breadcrumb"},"inLanguage":"fr-FR","potentialAction":[{"@type":"ReadAction","target":["https:\/\/www.folegandrosisland.com\/fr\/shopping-fr\/"]}]},{"@type":"ImageObject","inLanguage":"fr-FR","@id":"https:\/\/www.folegandrosisland.com\/fr\/shopping-fr\/#primaryimage","url":"https:\/\/www.folegandrosisland.com\/wordpress\/wp-content\/uploads\/2022\/02\/logo-folegandros-1-scaled.jpg","contentUrl":"https:\/\/www.folegandrosisland.com\/wordpress\/wp-content\/uploads\/2022\/02\/logo-folegandros-1-scaled.jpg"},{"@type":"BreadcrumbList","@id":"https:\/\/www.folegandrosisland.com\/fr\/shopping-fr\/#breadcrumb","itemListElement":[{"@type":"ListItem","position":1,"name":"Home","item":"https:\/\/www.folegandrosisland.com\/"},{"@type":"ListItem","position":2,"name":"Shopping fr"}]},{"@type":"WebSite","@id":"https:\/\/www.folegandrosisland.com\/#website","url":"https:\/\/www.folegandrosisland.com\/","name":"SOTTOVENTO Folegandros","description":"Il meglio delle Isole Cicladi","potentialAction":[{"@type":"SearchAction","target":{"@type":"EntryPoint","urlTemplate":"https:\/\/www.folegandrosisland.com\/?s={search_term_string}"},"query-input":"required name=search_term_string"}],"inLanguage":"fr-FR"}]}},"_links":{"self":[{"href":"https:\/\/www.folegandrosisland.com\/fr\/wp-json\/wp\/v2\/pages\/22467"}],"collection":[{"href":"https:\/\/www.folegandrosisland.com\/fr\/wp-json\/wp\/v2\/pages"}],"about":[{"href":"https:\/\/www.folegandrosisland.com\/fr\/wp-json\/wp\/v2\/types\/page"}],"author":[{"embeddable":true,"href":"https:\/\/www.folegandrosisland.com\/fr\/wp-json\/wp\/v2\/users\/2"}],"replies":[{"embeddable":true,"href":"https:\/\/www.folegandrosisland.com\/fr\/wp-json\/wp\/v2\/comments?post=22467"}],"version-history":[{"count":0,"href":"https:\/\/www.folegandrosisland.com\/fr\/wp-json\/wp\/v2\/pages\/22467\/revisions"}],"wp:attachment":[{"href":"https:\/\/www.folegandrosisland.com\/fr\/wp-json\/wp\/v2\/media?parent=22467"}],"curies":[{"name":"wp","href":"https:\/\/api.w.org\/{rel}","templated":true}]}}